{"id":18042,"date":"2026-03-30T17:09:16","date_gmt":"2026-03-30T17:09:16","guid":{"rendered":"https:\/\/portal.unah.edu.pe\/?page_id=18042"},"modified":"2026-04-14T22:50:59","modified_gmt":"2026-04-14T22:50:59","slug":"bienestar-universitario","status":"publish","type":"page","link":"https:\/\/portal.unah.edu.pe\/?page_id=18042","title":{"rendered":"Bienestar Universitario"},"content":{"rendered":"\t\t<div data-elementor-type=\"wp-page\" data-elementor-id=\"18042\" class=\"elementor elementor-18042\" data-elementor-post-type=\"page\">\n\t\t\t\t\t\t<section class=\"elementor-section elementor-top-section elementor-element elementor-element-4b33b64 elementor-section-full_width elementor-section-height-default elementor-section-height-default\" data-id=\"4b33b64\" data-element_type=\"section\">\n\t\t\t\t\t\t<div class=\"elementor-container elementor-column-gap-default\">\n\t\t\t\t\t<div class=\"elementor-column elementor-col-100 elementor-top-column elementor-element elementor-element-5d66045\" data-id=\"5d66045\" data-element_type=\"column\">\n\t\t\t<div class=\"elementor-widget-wrap elementor-element-populated\">\n\t\t\t\t\t\t<div class=\"elementor-element elementor-element-2acf0c0 elementor-widget elementor-widget-html\" data-id=\"2acf0c0\" data-element_type=\"widget\" data-widget_type=\"html.default\">\n\t\t\t\t<div class=\"elementor-widget-container\">\n\t\t\t\t\t<div class=\"unah-bienestar-zigzag\">\r\n    <style>\r\n        @import url('https:\/\/fonts.googleapis.com\/css2?family=Poppins:wght@600;700;800&display=swap');\r\n\r\n        .unah-bienestar-zigzag {\r\n            max-width: 1400px;\r\n            margin: 40px auto;\r\n            padding: 0 20px;\r\n            font-family: 'Poppins', sans-serif;\r\n        }\r\n\r\n        \/* --- CONTENEDOR DE FILA --- *\/\r\n        .zigzag-row {\r\n            display: flex;\r\n            align-items: stretch;\r\n            background: #fff;\r\n            border-radius: 30px;\r\n            overflow: hidden;\r\n            margin-bottom: 50px;\r\n            box-shadow: 0 15px 45px rgba(0,0,0,0.05);\r\n            border: 1px solid #f0f0f0;\r\n            min-height: 450px;\r\n        }\r\n\r\n        \/* Invertir orden en filas pares *\/\r\n        .zigzag-row:nth-child(even) { flex-direction: row-reverse; }\r\n\r\n        \/* LADO DE LA IMAGEN *\/\r\n        .zigzag-image {\r\n            flex: 1.2;\r\n            background-size: cover;\r\n            background-position: center;\r\n            min-height: 350px;\r\n            transition: transform 0.8s ease;\r\n        }\r\n\r\n        .zigzag-row:hover .zigzag-image {\r\n            transform: scale(1.03);\r\n        }\r\n\r\n        \/* LADO DEL TEXTO *\/\r\n        .zigzag-text {\r\n            flex: 1;\r\n            padding: 60px;\r\n            display: flex;\r\n            flex-direction: column;\r\n            justify-content: center;\r\n            text-align: left;\r\n        }\r\n\r\n        .zigzag-text span {\r\n            color: #8A0C2B; \/* Guinda *\/\r\n            font-weight: 700;\r\n            text-transform: uppercase;\r\n            font-size: 13px;\r\n            letter-spacing: 2px;\r\n            margin-bottom: 10px;\r\n            display: block;\r\n        }\r\n\r\n        .zigzag-text h2 {\r\n            color: #1A233A; \/* Navy *\/\r\n            font-size: 32px;\r\n            font-weight: 800;\r\n            margin: 0 0 15px 0;\r\n            line-height: 1.2;\r\n        }\r\n\r\n        .zigzag-text p {\r\n            color: #555;\r\n            font-size: 16px;\r\n            margin-bottom: 30px;\r\n            line-height: 1.6;\r\n        }\r\n\r\n        \/* BOT\u00d3N ESTILO PILL *\/\r\n        .btn-unah-well {\r\n            display: inline-block;\r\n            background-color: #1A233A;\r\n            color: white !important;\r\n            padding: 12px 35px;\r\n            border-radius: 50px;\r\n            text-decoration: none;\r\n            font-weight: 700;\r\n            font-size: 13px;\r\n            text-transform: uppercase;\r\n            transition: 0.3s;\r\n            align-self: flex-start;\r\n            box-shadow: 0 4px 15px rgba(26, 35, 58, 0.2);\r\n        }\r\n\r\n        .btn-unah-well:hover {\r\n            background-color: #8A0C2B;\r\n            transform: translateY(-3px);\r\n            box-shadow: 0 8px 20px rgba(138, 12, 43, 0.3);\r\n        }\r\n\r\n        \/* --- RESPONSIVE --- *\/\r\n        @media (max-width: 900px) {\r\n            .zigzag-row, .zigzag-row:nth-child(even) { flex-direction: column; }\r\n            .zigzag-text { padding: 40px 30px; text-align: center; }\r\n            .btn-unah-well { align-self: center; }\r\n            .zigzag-image { height: 250px; }\r\n        }\r\n    <\/style>\r\n\r\n    <!-- 1. SALUD INTEGRAL -->\r\n    <div class=\"zigzag-row\">\r\n        <div class=\"zigzag-image\" style=\"background-image: url('https:\/\/images.unsplash.com\/photo-1576091160550-2173dba999ef?q=80&w=870&auto=format&fit=crop');\"><\/div>\r\n        <div class=\"zigzag-text\">\r\n            <span>Servicios de Salud<\/span>\r\n            <h2>Salud Integral y Psicolog\u00eda<\/h2>\r\n            <p>Atenci\u00f3n m\u00e9dica primaria y soporte emocional especializado. Contamos con profesionales dedicados a cuidar tu bienestar f\u00edsico y mental durante tu vida universitaria.<\/p>\r\n            <a href=\"https:\/\/portal.unah.edu.pe\/?page_id=16681\" class=\"btn-unah-well\">Saber m\u00e1s<\/a>\r\n        <\/div>\r\n    <\/div>\r\n\r\n    <!-- 2. COMEDOR -->\r\n    <div class=\"zigzag-row\">\r\n        <div class=\"zigzag-image\" style=\"background-image: url('https:\/\/portal.unah.edu.pe\/wp-content\/uploads\/2025\/11\/comedor-3.jpg');\"><\/div>\r\n        <div class=\"zigzag-text\">\r\n            <span>Alimentaci\u00f3n<\/span>\r\n            <h2>Comedor Universitario<\/h2>\r\n            <p>Brindamos una alimentaci\u00f3n balanceada y nutritiva para nuestros estudiantes, garantizando los est\u00e1ndares de calidad y salud necesarios para un \u00f3ptimo rendimiento acad\u00e9mico.<\/p>\r\n            <a href=\"https:\/\/portal.unah.edu.pe\/?page_id=16683\" class=\"btn-unah-well\">Saber m\u00e1s<\/a>\r\n        <\/div>\r\n    <\/div>\r\n\r\n    <!-- 3. TRANSPORTE -->\r\n    <div class=\"zigzag-row\">\r\n        <div class=\"zigzag-image\" style=\"background-image: url('https:\/\/portal.unah.edu.pe\/wp-content\/uploads\/2025\/11\/bus-1.jpg');\"><\/div>\r\n        <div class=\"zigzag-text\">\r\n            <span>Movilidad<\/span>\r\n            <h2>Transporte y Pasaje<\/h2>\r\n            <p>Facilitamos tu traslado hacia nuestro campus y gestionamos la vigencia del carn\u00e9 universitario para el beneficio del medio pasaje en el transporte p\u00fablico.<\/p>\r\n            <a href=\"https:\/\/portal.unah.edu.pe\/?page_id=16685\" class=\"btn-unah-well\">Saber m\u00e1s<\/a>\r\n        <\/div>\r\n    <\/div>\r\n\r\n    <!-- 4. DEPORTE -->\r\n    <div class=\"zigzag-row\">\r\n        <div class=\"zigzag-image\" style=\"background-image: url('https:\/\/portal.unah.edu.pe\/wp-content\/uploads\/2025\/11\/deporte.jpg');\"><\/div>\r\n        <div class=\"zigzag-text\">\r\n            <span>Vida Activa<\/span>\r\n            <h2>Deporte y Recreaci\u00f3n<\/h2>\r\n            <p>Promovemos la actividad f\u00edsica a trav\u00e9s de diversas disciplinas deportivas y un gimnasio moderno equipado para fortalecer tu salud y disciplina personal.<\/p>\r\n            <a href=\"https:\/\/portal.unah.edu.pe\/?page_id=16687\" class=\"btn-unah-well\">Saber m\u00e1s<\/a>\r\n        <\/div>\r\n    <\/div>\r\n\r\n    <!-- 5. BIBLIOTECA -->\r\n    <div class=\"zigzag-row\">\r\n        <div class=\"zigzag-image\" style=\"background-image: url('https:\/\/portal.unah.edu.pe\/wp-content\/uploads\/2025\/11\/biblioteca.jpg');\"><\/div>\r\n        <div class=\"zigzag-text\">\r\n            <span>Investigaci\u00f3n<\/span>\r\n            <h2>Biblioteca Central<\/h2>\r\n            <p>Tu centro de recursos para el aprendizaje. Ofrecemos un amplio acervo bibliogr\u00e1fico f\u00edsico y virtual, adem\u00e1s de salas de estudio dise\u00f1adas para la concentraci\u00f3n.<\/p>\r\n            <a href=\"https:\/\/portal.unah.edu.pe\/?page_id=16689\" class=\"btn-unah-well\">Saber m\u00e1s<\/a>\r\n        <\/div>\r\n    <\/div>\r\n\r\n    <!-- 6. SERVICIO SOCIAL -->\r\n    <div class=\"zigzag-row\">\r\n        <div class=\"zigzag-image\" style=\"background-image: url('https:\/\/images.unsplash.com\/photo-1618477388954-7852f32655ec?q=80&w=764&auto=format&fit=crop');\"><\/div>\r\n        <div class=\"zigzag-text\">\r\n            <span>Comunidad<\/span>\r\n            <h2>Servicio Social Universitario<\/h2>\r\n            <p>Fomentamos la responsabilidad social y el apoyo a la comunidad. Programas dise\u00f1ados para vincular el conocimiento universitario con el desarrollo de Huanta.<\/p>\r\n            <a href=\"https:\/\/portal.unah.edu.pe\/?page_id=16691\" class=\"btn-unah-well\">Saber m\u00e1s<\/a>\r\n        <\/div>\r\n    <\/div>\r\n\r\n<\/div>\t\t\t\t<\/div>\n\t\t\t\t<\/div>\n\t\t\t\t\t<\/div>\n\t\t<\/div>\n\t\t\t\t\t<\/div>\n\t\t<\/section>\n\t\t\t\t<\/div>\n\t\t","protected":false},"excerpt":{"rendered":"<p>Servicios de Salud Salud Integral y Psicolog\u00eda Atenci\u00f3n m\u00e9dica primaria y soporte emocional especializado. Contamos con profesionales dedicados a cuidar tu bienestar f\u00edsico y mental durante tu vida universitaria. Saber m\u00e1s Alimentaci\u00f3n Comedor Universitario Brindamos una alimentaci\u00f3n balanceada y nutritiva para nuestros estudiantes, garantizando los est\u00e1ndares de calidad y salud necesarios para un \u00f3ptimo rendimiento [&hellip;]<\/p>\n","protected":false},"author":1,"featured_media":0,"parent":0,"menu_order":0,"comment_status":"closed","ping_status":"closed","template":"","meta":{"footnotes":""},"class_list":["post-18042","page","type-page","status-publish","hentry"],"yoast_head":"<!-- This site is optimized with the Yoast SEO Premium plugin v20.9 (Yoast SEO v26.9) - https:\/\/yoast.com\/product\/yoast-seo-premium-wordpress\/ -->\n<title>Bienestar Universitario - UNAH - Universidad Nacional Aut\u00f3noma de Huanta<\/title>\n<meta name=\"robots\" content=\"index, follow, max-snippet:-1, max-image-preview:large, max-video-preview:-1\" \/>\n<link rel=\"canonical\" href=\"https:\/\/portal.unah.edu.pe\/?page_id=18042\" \/>\n<meta property=\"og:locale\" content=\"es_ES\" \/>\n<meta property=\"og:type\" content=\"article\" \/>\n<meta property=\"og:title\" content=\"Bienestar Universitario\" \/>\n<meta property=\"og:description\" content=\"Servicios de Salud Salud Integral y Psicolog\u00eda Atenci\u00f3n m\u00e9dica primaria y soporte emocional especializado. Contamos con profesionales dedicados a cuidar tu bienestar f\u00edsico y mental durante tu vida universitaria. Saber m\u00e1s Alimentaci\u00f3n Comedor Universitario Brindamos una alimentaci\u00f3n balanceada y nutritiva para nuestros estudiantes, garantizando los est\u00e1ndares de calidad y salud necesarios para un \u00f3ptimo rendimiento [&hellip;]\" \/>\n<meta property=\"og:url\" content=\"https:\/\/portal.unah.edu.pe\/?page_id=18042\" \/>\n<meta property=\"og:site_name\" content=\"UNAH - Universidad Nacional Aut\u00f3noma de Huanta\" \/>\n<meta property=\"article:modified_time\" content=\"2026-04-14T22:50:59+00:00\" \/>\n<meta name=\"twitter:card\" content=\"summary_large_image\" \/>\n<meta name=\"twitter:label1\" content=\"Tiempo de lectura\" \/>\n\t<meta name=\"twitter:data1\" content=\"1 minuto\" \/>\n<script type=\"application\/ld+json\" class=\"yoast-schema-graph\">{\"@context\":\"https:\/\/schema.org\",\"@graph\":[{\"@type\":\"WebPage\",\"@id\":\"https:\/\/portal.unah.edu.pe\/?page_id=18042\",\"url\":\"https:\/\/portal.unah.edu.pe\/?page_id=18042\",\"name\":\"Bienestar Universitario - UNAH - Universidad Nacional Aut\u00f3noma de Huanta\",\"isPartOf\":{\"@id\":\"https:\/\/portal.unah.edu.pe\/#website\"},\"datePublished\":\"2026-03-30T17:09:16+00:00\",\"dateModified\":\"2026-04-14T22:50:59+00:00\",\"breadcrumb\":{\"@id\":\"https:\/\/portal.unah.edu.pe\/?page_id=18042#breadcrumb\"},\"inLanguage\":\"es\",\"potentialAction\":[{\"@type\":\"ReadAction\",\"target\":[\"https:\/\/portal.unah.edu.pe\/?page_id=18042\"]}]},{\"@type\":\"BreadcrumbList\",\"@id\":\"https:\/\/portal.unah.edu.pe\/?page_id=18042#breadcrumb\",\"itemListElement\":[{\"@type\":\"ListItem\",\"position\":1,\"name\":\"Home\",\"item\":\"https:\/\/portal.unah.edu.pe\/\"},{\"@type\":\"ListItem\",\"position\":2,\"name\":\"Bienestar Universitario\"}]},{\"@type\":\"WebSite\",\"@id\":\"https:\/\/portal.unah.edu.pe\/#website\",\"url\":\"https:\/\/portal.unah.edu.pe\/\",\"name\":\"UNAH - Universidad Nacional Aut\u00f3noma de Huanta\",\"description\":\"Universidad Nacional Aut\u00f3noma de Huanta\",\"publisher\":{\"@id\":\"https:\/\/portal.unah.edu.pe\/#organization\"},\"potentialAction\":[{\"@type\":\"SearchAction\",\"target\":{\"@type\":\"EntryPoint\",\"urlTemplate\":\"https:\/\/portal.unah.edu.pe\/?s={search_term_string}\"},\"query-input\":{\"@type\":\"PropertyValueSpecification\",\"valueRequired\":true,\"valueName\":\"search_term_string\"}}],\"inLanguage\":\"es\"},{\"@type\":\"Organization\",\"@id\":\"https:\/\/portal.unah.edu.pe\/#organization\",\"name\":\"UNAH - Universidad Nacional Aut\u00f3noma de Huanta\",\"url\":\"https:\/\/portal.unah.edu.pe\/\",\"logo\":{\"@type\":\"ImageObject\",\"inLanguage\":\"es\",\"@id\":\"https:\/\/portal.unah.edu.pe\/#\/schema\/logo\/image\/\",\"url\":\"http:\/\/35.192.136.54\/wp-content\/uploads\/2020\/10\/logo_unah2.png\",\"contentUrl\":\"http:\/\/35.192.136.54\/wp-content\/uploads\/2020\/10\/logo_unah2.png\",\"width\":280,\"height\":80,\"caption\":\"UNAH - Universidad Nacional Aut\u00f3noma de Huanta\"},\"image\":{\"@id\":\"https:\/\/portal.unah.edu.pe\/#\/schema\/logo\/image\/\"}}]}<\/script>\n<!-- \/ Yoast SEO Premium plugin. -->","yoast_head_json":{"title":"Bienestar Universitario - UNAH - Universidad Nacional Aut\u00f3noma de Huanta","robots":{"index":"index","follow":"follow","max-snippet":"max-snippet:-1","max-image-preview":"max-image-preview:large","max-video-preview":"max-video-preview:-1"},"canonical":"https:\/\/portal.unah.edu.pe\/?page_id=18042","og_locale":"es_ES","og_type":"article","og_title":"Bienestar Universitario","og_description":"Servicios de Salud Salud Integral y Psicolog\u00eda Atenci\u00f3n m\u00e9dica primaria y soporte emocional especializado. Contamos con profesionales dedicados a cuidar tu bienestar f\u00edsico y mental durante tu vida universitaria. Saber m\u00e1s Alimentaci\u00f3n Comedor Universitario Brindamos una alimentaci\u00f3n balanceada y nutritiva para nuestros estudiantes, garantizando los est\u00e1ndares de calidad y salud necesarios para un \u00f3ptimo rendimiento [&hellip;]","og_url":"https:\/\/portal.unah.edu.pe\/?page_id=18042","og_site_name":"UNAH - Universidad Nacional Aut\u00f3noma de Huanta","article_modified_time":"2026-04-14T22:50:59+00:00","twitter_card":"summary_large_image","twitter_misc":{"Tiempo de lectura":"1 minuto"},"schema":{"@context":"https:\/\/schema.org","@graph":[{"@type":"WebPage","@id":"https:\/\/portal.unah.edu.pe\/?page_id=18042","url":"https:\/\/portal.unah.edu.pe\/?page_id=18042","name":"Bienestar Universitario - UNAH - Universidad Nacional Aut\u00f3noma de Huanta","isPartOf":{"@id":"https:\/\/portal.unah.edu.pe\/#website"},"datePublished":"2026-03-30T17:09:16+00:00","dateModified":"2026-04-14T22:50:59+00:00","breadcrumb":{"@id":"https:\/\/portal.unah.edu.pe\/?page_id=18042#breadcrumb"},"inLanguage":"es","potentialAction":[{"@type":"ReadAction","target":["https:\/\/portal.unah.edu.pe\/?page_id=18042"]}]},{"@type":"BreadcrumbList","@id":"https:\/\/portal.unah.edu.pe\/?page_id=18042#breadcrumb","itemListElement":[{"@type":"ListItem","position":1,"name":"Home","item":"https:\/\/portal.unah.edu.pe\/"},{"@type":"ListItem","position":2,"name":"Bienestar Universitario"}]},{"@type":"WebSite","@id":"https:\/\/portal.unah.edu.pe\/#website","url":"https:\/\/portal.unah.edu.pe\/","name":"UNAH - Universidad Nacional Aut\u00f3noma de Huanta","description":"Universidad Nacional Aut\u00f3noma de Huanta","publisher":{"@id":"https:\/\/portal.unah.edu.pe\/#organization"},"potentialAction":[{"@type":"SearchAction","target":{"@type":"EntryPoint","urlTemplate":"https:\/\/portal.unah.edu.pe\/?s={search_term_string}"},"query-input":{"@type":"PropertyValueSpecification","valueRequired":true,"valueName":"search_term_string"}}],"inLanguage":"es"},{"@type":"Organization","@id":"https:\/\/portal.unah.edu.pe\/#organization","name":"UNAH - Universidad Nacional Aut\u00f3noma de Huanta","url":"https:\/\/portal.unah.edu.pe\/","logo":{"@type":"ImageObject","inLanguage":"es","@id":"https:\/\/portal.unah.edu.pe\/#\/schema\/logo\/image\/","url":"http:\/\/35.192.136.54\/wp-content\/uploads\/2020\/10\/logo_unah2.png","contentUrl":"http:\/\/35.192.136.54\/wp-content\/uploads\/2020\/10\/logo_unah2.png","width":280,"height":80,"caption":"UNAH - Universidad Nacional Aut\u00f3noma de Huanta"},"image":{"@id":"https:\/\/portal.unah.edu.pe\/#\/schema\/logo\/image\/"}}]}},"_links":{"self":[{"href":"https:\/\/portal.unah.edu.pe\/index.php?rest_route=\/wp\/v2\/pages\/18042","targetHints":{"allow":["GET"]}}],"collection":[{"href":"https:\/\/portal.unah.edu.pe\/index.php?rest_route=\/wp\/v2\/pages"}],"about":[{"href":"https:\/\/portal.unah.edu.pe\/index.php?rest_route=\/wp\/v2\/types\/page"}],"author":[{"embeddable":true,"href":"https:\/\/portal.unah.edu.pe\/index.php?rest_route=\/wp\/v2\/users\/1"}],"replies":[{"embeddable":true,"href":"https:\/\/portal.unah.edu.pe\/index.php?rest_route=%2Fwp%2Fv2%2Fcomments&post=18042"}],"version-history":[{"count":7,"href":"https:\/\/portal.unah.edu.pe\/index.php?rest_route=\/wp\/v2\/pages\/18042\/revisions"}],"predecessor-version":[{"id":18221,"href":"https:\/\/portal.unah.edu.pe\/index.php?rest_route=\/wp\/v2\/pages\/18042\/revisions\/18221"}],"wp:attachment":[{"href":"https:\/\/portal.unah.edu.pe\/index.php?rest_route=%2Fwp%2Fv2%2Fmedia&parent=18042"}],"curies":[{"name":"wp","href":"https:\/\/api.w.org\/{rel}","templated":true}]}}